{"id":5,"date":"2020-11-23T21:50:45","date_gmt":"2020-11-23T20:50:45","guid":{"rendered":"http:\/\/tb-dr.softwaregutachten.at\/?page_id=5"},"modified":"2020-11-23T22:34:14","modified_gmt":"2020-11-23T21:34:14","slug":"home","status":"publish","type":"page","link":"https:\/\/tb-dr.com\/","title":{"rendered":"Home"},"content":{"rendered":"\n<h2 class=\"wp-block-heading\">Home<\/h2>\n\n\n\n<p>Seit mehr als 20 Jahren sind wir ein kompetenter Partner&nbsp;f\u00fcr Planungen, Bau\u00fcberwachungen und&nbsp;Projektmanagement.<\/p>\n\n\n\n<p>Erhebung \u00fcber den Entwurf, Planung bis zur Begleitung w\u00e4hrend der Umsetzung samt Abrechnung und M\u00e4ngelfeststellung bis zur \u00dcbernahme.<\/p>\n\n\n\n<p>Schwerpunkte:<\/p>\n\n\n\n<ul class=\"wp-block-list\"><li>Infrastruktur<\/li><li>Tunnelanlagen<\/li><li>Stra\u00dfenausr\u00fcstung<\/li><\/ul>\n\n\n\n<div class=\"wp-block-image\"><figure class=\"aligncenter size-large\"><img loading=\"lazy\" decoding=\"async\" width=\"390\" height=\"221\" src=\"http:\/\/tb-dr.softwaregutachten.at\/wp-content\/uploads\/2020\/11\/shapeimage_4-1_med_hr.jpeg\" alt=\"\" class=\"wp-image-6\" srcset=\"https:\/\/tb-dr.com\/wp-content\/uploads\/2020\/11\/shapeimage_4-1_med_hr.jpeg 390w, https:\/\/tb-dr.com\/wp-content\/uploads\/2020\/11\/shapeimage_4-1_med_hr-300x170.jpeg 300w\" sizes=\"auto, (max-width: 390px) 100vw, 390px\" \/><figcaption>Testphase 160km\/h beendet<\/figcaption><\/figure><\/div>\n","protected":false},"excerpt":{"rendered":"<p>Home Seit mehr als 20 Jahren sind wir ein kompetenter Partner&nbsp;f\u00fcr Planungen, Bau\u00fcberwachungen und&nbsp;Projektmanagement. Erhebung \u00fcber den Entwurf, Planung bis zur Begleitung w\u00e4hrend der Umsetzung samt Abrechnung und M\u00e4ngelfeststellung bis zur \u00dcbernahme. Schwerpunkte: Infrastruktur Tunnelanlagen Stra\u00dfenausr\u00fcstung<\/p>\n","protected":false},"author":1,"featured_media":0,"parent":0,"menu_order":0,"comment_status":"closed","ping_status":"closed","template":"","meta":{"footnotes":""},"class_list":["post-5","page","type-page","status-publish","hentry"],"_links":{"self":[{"href":"https:\/\/tb-dr.com\/index.php?rest_route=\/wp\/v2\/pages\/5","targetHints":{"allow":["GET"]}}],"collection":[{"href":"https:\/\/tb-dr.com\/index.php?rest_route=\/wp\/v2\/pages"}],"about":[{"href":"https:\/\/tb-dr.com\/index.php?rest_route=\/wp\/v2\/types\/page"}],"author":[{"embeddable":true,"href":"https:\/\/tb-dr.com\/index.php?rest_route=\/wp\/v2\/users\/1"}],"replies":[{"embeddable":true,"href":"https:\/\/tb-dr.com\/index.php?rest_route=%2Fwp%2Fv2%2Fcomments&post=5"}],"version-history":[{"count":1,"href":"https:\/\/tb-dr.com\/index.php?rest_route=\/wp\/v2\/pages\/5\/revisions"}],"predecessor-version":[{"id":7,"href":"https:\/\/tb-dr.com\/index.php?rest_route=\/wp\/v2\/pages\/5\/revisions\/7"}],"wp:attachment":[{"href":"https:\/\/tb-dr.com\/index.php?rest_route=%2Fwp%2Fv2%2Fmedia&parent=5"}],"curies":[{"name":"wp","href":"https:\/\/api.w.org\/{rel}","templated":true}]}}